{"id":17,"date":"2021-07-02T11:02:32","date_gmt":"2021-07-02T08:02:32","guid":{"rendered":"http:\/\/pgitalymanufacturing.it\/?page_id=17"},"modified":"2024-02-15T21:56:04","modified_gmt":"2024-02-15T18:56:04","slug":"hydraulic-hinges","status":"publish","type":"page","link":"https:\/\/pgitalymanufacturing.it\/it\/hydraulic-hinges\/","title":{"rendered":"Cerniere idrauliche"},"content":{"rendered":"<p>&nbsp;<\/p>\n<p>Fiore all\u2019occhiello della ricca gamma dei prodotti della PG Italy Manufacturing sono le cerniere oleodinamiche di concezione completamente nuova che consentono la chiusura automatica, costante e controllata dell\u2019anta. Queste rappresentano l\u2019evoluzione e la sintesi delle cerniere \u201cautomatiche-meccaniche\u201d e dei chiudiporta idraulici esistenti sul mercato.<\/p>\n<p>Le serie di cerniere oleodinamiche Tonale, PG Wood Hydraulic, PG Hydraulic, Ferrara, Cortina sono frutto del prezioso lavoro della PG Italy Manufacturing, costantemente impegnato nello studio di soluzioni innovative e tecnologicamente avanzate e di funzionale design Italiano.<\/p>\n<p>Pensati per essere utilizzati su porte interne ed esterne, grazie a requisiti prestazionali che superano i limiti dei chiudiporta di tipo tradizionale, questi prodotti si distinguono per funzionalit\u00e0, versatilit\u00e0, sicurezza, durata e miglior rapporto qualit\u00e0\/prezzo, sul mercato mondiale. Funzionale design italiano che identifica della PG Italy Manufacturing con meccanismi conferiscono un aspetto pulito ed elegante unito alla semplicit\u00e0 di installazione.<\/p>\n<p>Peculiarit\u00e0 del concetto oleodinamico sono il massimo rendimento insieme all\u2019alta qualit\u00e0 tecnica e sicurezza; non manca inoltre una grande attenzione all\u2019estetica in linea con i trend architettonici del momento che richiedono un ingombro visivo minimo degli accessori per renderli adattabili al qualsiasi ambiente caratterizzato dallo stile del design tipico italiano.<\/p>\n<p>Le cerniere oleodinamiche PG Italy Manufacturing rappresentano un\u2019importante innovazione nel mondo del vetro e degli accessori per il vetro.<\/p>","protected":false},"excerpt":{"rendered":"<p>&nbsp; Fiore all\u2019occhiello della ricca gamma dei prodotti della PG Italy Manufacturing sono le cerniere oleodinamiche di concezione completamente nuova che consentono la chiusura automatica, costante e controllata dell\u2019anta. Queste rappresentano l\u2019evoluzione e la sintesi &hellip;<\/p>\n","protected":false},"author":1,"featured_media":0,"parent":0,"menu_order":0,"comment_status":"closed","ping_status":"closed","template":"","meta":{"_acf_changed":false,"footnotes":""},"class_list":["post-17","page","type-page","status-publish","hentry"],"acf":[],"yoast_head":"<!-- This site is optimized with the Yoast SEO plugin v27.1.1 - https:\/\/yoast.com\/product\/yoast-seo-wordpress\/ -->\n<title>Cerniere idrauliche - PG<\/title>\n<meta name=\"robots\" content=\"index, follow, max-snippet:-1, max-image-preview:large, max-video-preview:-1\" \/>\n<link rel=\"canonical\" href=\"https:\/\/pgitalymanufacturing.it\/hydraulic-hinges\/\" \/>\n<meta property=\"og:locale\" content=\"it_IT\" \/>\n<meta property=\"og:type\" content=\"article\" \/>\n<meta property=\"og:title\" content=\"Cerniere idrauliche - PG\" \/>\n<meta property=\"og:description\" content=\"&nbsp; Fiore all\u2019occhiello della ricca gamma dei prodotti della PG Italy Manufacturing sono le cerniere oleodinamiche di concezione completamente nuova che consentono la chiusura automatica, costante e controllata dell\u2019anta. Queste rappresentano l\u2019evoluzione e la sintesi &hellip;\" \/>\n<meta property=\"og:url\" content=\"https:\/\/pgitalymanufacturing.it\/hydraulic-hinges\/\" \/>\n<meta property=\"og:site_name\" content=\"PG\" \/>\n<meta property=\"article:modified_time\" content=\"2024-02-15T18:56:04+00:00\" \/>\n<meta name=\"twitter:card\" content=\"summary_large_image\" \/>\n<meta name=\"twitter:label1\" content=\"Tempo di lettura stimato\" \/>\n\t<meta name=\"twitter:data1\" content=\"1 minuto\" \/>\n<script type=\"application\/ld+json\" class=\"yoast-schema-graph\">{\"@context\":\"https:\/\/schema.org\",\"@graph\":[{\"@type\":\"WebPage\",\"@id\":\"https:\/\/pgitalymanufacturing.it\/hydraulic-hinges\/\",\"url\":\"https:\/\/pgitalymanufacturing.it\/hydraulic-hinges\/\",\"name\":\"Cerniere idrauliche - PG\",\"isPartOf\":{\"@id\":\"https:\/\/pgitalymanufacturing.it\/it\/#website\"},\"datePublished\":\"2021-07-02T08:02:32+00:00\",\"dateModified\":\"2024-02-15T18:56:04+00:00\",\"inLanguage\":\"it-IT\",\"potentialAction\":[{\"@type\":\"ReadAction\",\"target\":[\"https:\/\/pgitalymanufacturing.it\/hydraulic-hinges\/\"]}]},{\"@type\":\"WebSite\",\"@id\":\"https:\/\/pgitalymanufacturing.it\/it\/#website\",\"url\":\"https:\/\/pgitalymanufacturing.it\/it\/\",\"name\":\"PG Italy Manufacturing\",\"description\":\"Italy Manufacturing\",\"potentialAction\":[{\"@type\":\"SearchAction\",\"target\":{\"@type\":\"EntryPoint\",\"urlTemplate\":\"https:\/\/pgitalymanufacturing.it\/it\/?s={search_term_string}\"},\"query-input\":{\"@type\":\"PropertyValueSpecification\",\"valueRequired\":true,\"valueName\":\"search_term_string\"}}],\"inLanguage\":\"it-IT\"}]}<\/script>\n<!-- \/ Yoast SEO plugin. -->","yoast_head_json":{"title":"Cerniere idrauliche - PG","robots":{"index":"index","follow":"follow","max-snippet":"max-snippet:-1","max-image-preview":"max-image-preview:large","max-video-preview":"max-video-preview:-1"},"canonical":"https:\/\/pgitalymanufacturing.it\/hydraulic-hinges\/","og_locale":"it_IT","og_type":"article","og_title":"Cerniere idrauliche - PG","og_description":"&nbsp; Fiore all\u2019occhiello della ricca gamma dei prodotti della PG Italy Manufacturing sono le cerniere oleodinamiche di concezione completamente nuova che consentono la chiusura automatica, costante e controllata dell\u2019anta. Queste rappresentano l\u2019evoluzione e la sintesi &hellip;","og_url":"https:\/\/pgitalymanufacturing.it\/hydraulic-hinges\/","og_site_name":"PG","article_modified_time":"2024-02-15T18:56:04+00:00","twitter_card":"summary_large_image","twitter_misc":{"Tempo di lettura stimato":"1 minuto"},"schema":{"@context":"https:\/\/schema.org","@graph":[{"@type":"WebPage","@id":"https:\/\/pgitalymanufacturing.it\/hydraulic-hinges\/","url":"https:\/\/pgitalymanufacturing.it\/hydraulic-hinges\/","name":"Cerniere idrauliche - PG","isPartOf":{"@id":"https:\/\/pgitalymanufacturing.it\/it\/#website"},"datePublished":"2021-07-02T08:02:32+00:00","dateModified":"2024-02-15T18:56:04+00:00","inLanguage":"it-IT","potentialAction":[{"@type":"ReadAction","target":["https:\/\/pgitalymanufacturing.it\/hydraulic-hinges\/"]}]},{"@type":"WebSite","@id":"https:\/\/pgitalymanufacturing.it\/it\/#website","url":"https:\/\/pgitalymanufacturing.it\/it\/","name":"PG Italy Manufacturing","description":"Italy Manufacturing","potentialAction":[{"@type":"SearchAction","target":{"@type":"EntryPoint","urlTemplate":"https:\/\/pgitalymanufacturing.it\/it\/?s={search_term_string}"},"query-input":{"@type":"PropertyValueSpecification","valueRequired":true,"valueName":"search_term_string"}}],"inLanguage":"it-IT"}]}},"_links":{"self":[{"href":"https:\/\/pgitalymanufacturing.it\/it\/wp-json\/wp\/v2\/pages\/17","targetHints":{"allow":["GET"]}}],"collection":[{"href":"https:\/\/pgitalymanufacturing.it\/it\/wp-json\/wp\/v2\/pages"}],"about":[{"href":"https:\/\/pgitalymanufacturing.it\/it\/wp-json\/wp\/v2\/types\/page"}],"author":[{"embeddable":true,"href":"https:\/\/pgitalymanufacturing.it\/it\/wp-json\/wp\/v2\/users\/1"}],"replies":[{"embeddable":true,"href":"https:\/\/pgitalymanufacturing.it\/it\/wp-json\/wp\/v2\/comments?post=17"}],"version-history":[{"count":5,"href":"https:\/\/pgitalymanufacturing.it\/it\/wp-json\/wp\/v2\/pages\/17\/revisions"}],"predecessor-version":[{"id":919,"href":"https:\/\/pgitalymanufacturing.it\/it\/wp-json\/wp\/v2\/pages\/17\/revisions\/919"}],"wp:attachment":[{"href":"https:\/\/pgitalymanufacturing.it\/it\/wp-json\/wp\/v2\/media?parent=17"}],"curies":[{"name":"wp","href":"https:\/\/api.w.org\/{rel}","templated":true}]}}