{"id":1286,"date":"2025-07-02T09:39:47","date_gmt":"2025-07-02T06:39:47","guid":{"rendered":"https:\/\/pgitalymanufacturing.it\/?post_type=product&#038;p=1286"},"modified":"2025-07-02T09:53:17","modified_gmt":"2025-07-02T06:53:17","slug":"sauna-kit","status":"publish","type":"product","link":"https:\/\/pgitalymanufacturing.it\/it\/product\/sauna-kit\/","title":{"rendered":"Kit sauna"},"content":{"rendered":"<p>Kit sauna contiene<\/p>\n<p>Profilo porta in vetro che \u00e8 tagliato secondo vostra necessit\u00e0<\/p>\n<p>Cerniera oleo-dinamica muro vetro o vetro vetro con regolazione velocit\u00e0 di chiusura<\/p>\n<p>Maniglia ad H legno acciaio inossidabile<\/p>\n<p>&nbsp;<\/p>","protected":false},"featured_media":1287,"template":"","product_cat":[11],"class_list":["post-1286","product","type-product","status-publish","has-post-thumbnail","hentry","product_cat-sauna"],"acf":[],"yoast_head":"<!-- This site is optimized with the Yoast SEO plugin v27.1.1 - https:\/\/yoast.com\/product\/yoast-seo-wordpress\/ -->\n<title>Kit sauna - PG<\/title>\n<meta name=\"robots\" content=\"index, follow, max-snippet:-1, max-image-preview:large, max-video-preview:-1\" \/>\n<link rel=\"canonical\" href=\"https:\/\/pgitalymanufacturing.it\/product\/sauna-kit\/\" \/>\n<meta property=\"og:locale\" content=\"it_IT\" \/>\n<meta property=\"og:type\" content=\"article\" \/>\n<meta property=\"og:title\" content=\"Kit sauna - PG\" \/>\n<meta property=\"og:description\" content=\"Kit sauna contiene Profilo porta in vetro che \u00e8 tagliato secondo vostra necessit\u00e0 Cerniera oleo-dinamica muro vetro o vetro vetro con regolazione velocit\u00e0 di chiusura Maniglia ad H legno acciaio inossidabile &nbsp;\" \/>\n<meta property=\"og:url\" content=\"https:\/\/pgitalymanufacturing.it\/product\/sauna-kit\/\" \/>\n<meta property=\"og:site_name\" content=\"PG\" \/>\n<meta property=\"article:modified_time\" content=\"2025-07-02T06:53:17+00:00\" \/>\n<meta property=\"og:image\" content=\"https:\/\/pgitalymanufacturing.it\/wp-content\/uploads\/2025\/07\/screenshot-2025-07-02-alle-08.49.35.png\" \/>\n\t<meta property=\"og:image:width\" content=\"816\" \/>\n\t<meta property=\"og:image:height\" content=\"780\" \/>\n\t<meta property=\"og:image:type\" content=\"image\/png\" \/>\n<meta name=\"twitter:card\" content=\"summary_large_image\" \/>\n<meta name=\"twitter:label1\" content=\"Tempo di lettura stimato\" \/>\n\t<meta name=\"twitter:data1\" content=\"1 minuto\" \/>\n<script type=\"application\/ld+json\" class=\"yoast-schema-graph\">{\"@context\":\"https:\/\/schema.org\",\"@graph\":[{\"@type\":\"WebPage\",\"@id\":\"https:\/\/pgitalymanufacturing.it\/product\/sauna-kit\/\",\"url\":\"https:\/\/pgitalymanufacturing.it\/product\/sauna-kit\/\",\"name\":\"Kit sauna - PG\",\"isPartOf\":{\"@id\":\"https:\/\/pgitalymanufacturing.it\/it\/#website\"},\"primaryImageOfPage\":{\"@id\":\"https:\/\/pgitalymanufacturing.it\/product\/sauna-kit\/#primaryimage\"},\"image\":{\"@id\":\"https:\/\/pgitalymanufacturing.it\/product\/sauna-kit\/#primaryimage\"},\"thumbnailUrl\":\"https:\/\/pgitalymanufacturing.it\/wp-content\/uploads\/2025\/07\/screenshot-2025-07-02-alle-08.49.35.png\",\"datePublished\":\"2025-07-02T06:39:47+00:00\",\"dateModified\":\"2025-07-02T06:53:17+00:00\",\"breadcrumb\":{\"@id\":\"https:\/\/pgitalymanufacturing.it\/product\/sauna-kit\/#breadcrumb\"},\"inLanguage\":\"it-IT\",\"potentialAction\":[{\"@type\":\"ReadAction\",\"target\":[\"https:\/\/pgitalymanufacturing.it\/product\/sauna-kit\/\"]}]},{\"@type\":\"ImageObject\",\"inLanguage\":\"it-IT\",\"@id\":\"https:\/\/pgitalymanufacturing.it\/product\/sauna-kit\/#primaryimage\",\"url\":\"https:\/\/pgitalymanufacturing.it\/wp-content\/uploads\/2025\/07\/screenshot-2025-07-02-alle-08.49.35.png\",\"contentUrl\":\"https:\/\/pgitalymanufacturing.it\/wp-content\/uploads\/2025\/07\/screenshot-2025-07-02-alle-08.49.35.png\",\"width\":816,\"height\":780},{\"@type\":\"BreadcrumbList\",\"@id\":\"https:\/\/pgitalymanufacturing.it\/product\/sauna-kit\/#breadcrumb\",\"itemListElement\":[{\"@type\":\"ListItem\",\"position\":1,\"name\":\"Product\",\"item\":\"https:\/\/pgitalymanufacturing.it\/ru\/product\/\"},{\"@type\":\"ListItem\",\"position\":2,\"name\":\"Sauna Kit\"}]},{\"@type\":\"WebSite\",\"@id\":\"https:\/\/pgitalymanufacturing.it\/it\/#website\",\"url\":\"https:\/\/pgitalymanufacturing.it\/it\/\",\"name\":\"PG Italy Manufacturing\",\"description\":\"Italy Manufacturing\",\"potentialAction\":[{\"@type\":\"SearchAction\",\"target\":{\"@type\":\"EntryPoint\",\"urlTemplate\":\"https:\/\/pgitalymanufacturing.it\/it\/?s={search_term_string}\"},\"query-input\":{\"@type\":\"PropertyValueSpecification\",\"valueRequired\":true,\"valueName\":\"search_term_string\"}}],\"inLanguage\":\"it-IT\"}]}<\/script>\n<!-- \/ Yoast SEO plugin. -->","yoast_head_json":{"title":"Kit sauna - PG","robots":{"index":"index","follow":"follow","max-snippet":"max-snippet:-1","max-image-preview":"max-image-preview:large","max-video-preview":"max-video-preview:-1"},"canonical":"https:\/\/pgitalymanufacturing.it\/product\/sauna-kit\/","og_locale":"it_IT","og_type":"article","og_title":"Kit sauna - PG","og_description":"Kit sauna contiene Profilo porta in vetro che \u00e8 tagliato secondo vostra necessit\u00e0 Cerniera oleo-dinamica muro vetro o vetro vetro con regolazione velocit\u00e0 di chiusura Maniglia ad H legno acciaio inossidabile &nbsp;","og_url":"https:\/\/pgitalymanufacturing.it\/product\/sauna-kit\/","og_site_name":"PG","article_modified_time":"2025-07-02T06:53:17+00:00","og_image":[{"width":816,"height":780,"url":"https:\/\/pgitalymanufacturing.it\/wp-content\/uploads\/2025\/07\/screenshot-2025-07-02-alle-08.49.35.png","type":"image\/png"}],"twitter_card":"summary_large_image","twitter_misc":{"Tempo di lettura stimato":"1 minuto"},"schema":{"@context":"https:\/\/schema.org","@graph":[{"@type":"WebPage","@id":"https:\/\/pgitalymanufacturing.it\/product\/sauna-kit\/","url":"https:\/\/pgitalymanufacturing.it\/product\/sauna-kit\/","name":"Kit sauna - PG","isPartOf":{"@id":"https:\/\/pgitalymanufacturing.it\/it\/#website"},"primaryImageOfPage":{"@id":"https:\/\/pgitalymanufacturing.it\/product\/sauna-kit\/#primaryimage"},"image":{"@id":"https:\/\/pgitalymanufacturing.it\/product\/sauna-kit\/#primaryimage"},"thumbnailUrl":"https:\/\/pgitalymanufacturing.it\/wp-content\/uploads\/2025\/07\/screenshot-2025-07-02-alle-08.49.35.png","datePublished":"2025-07-02T06:39:47+00:00","dateModified":"2025-07-02T06:53:17+00:00","breadcrumb":{"@id":"https:\/\/pgitalymanufacturing.it\/product\/sauna-kit\/#breadcrumb"},"inLanguage":"it-IT","potentialAction":[{"@type":"ReadAction","target":["https:\/\/pgitalymanufacturing.it\/product\/sauna-kit\/"]}]},{"@type":"ImageObject","inLanguage":"it-IT","@id":"https:\/\/pgitalymanufacturing.it\/product\/sauna-kit\/#primaryimage","url":"https:\/\/pgitalymanufacturing.it\/wp-content\/uploads\/2025\/07\/screenshot-2025-07-02-alle-08.49.35.png","contentUrl":"https:\/\/pgitalymanufacturing.it\/wp-content\/uploads\/2025\/07\/screenshot-2025-07-02-alle-08.49.35.png","width":816,"height":780},{"@type":"BreadcrumbList","@id":"https:\/\/pgitalymanufacturing.it\/product\/sauna-kit\/#breadcrumb","itemListElement":[{"@type":"ListItem","position":1,"name":"Product","item":"https:\/\/pgitalymanufacturing.it\/ru\/product\/"},{"@type":"ListItem","position":2,"name":"Sauna Kit"}]},{"@type":"WebSite","@id":"https:\/\/pgitalymanufacturing.it\/it\/#website","url":"https:\/\/pgitalymanufacturing.it\/it\/","name":"PG Italy Manufacturing","description":"Italy Manufacturing","potentialAction":[{"@type":"SearchAction","target":{"@type":"EntryPoint","urlTemplate":"https:\/\/pgitalymanufacturing.it\/it\/?s={search_term_string}"},"query-input":{"@type":"PropertyValueSpecification","valueRequired":true,"valueName":"search_term_string"}}],"inLanguage":"it-IT"}]}},"_links":{"self":[{"href":"https:\/\/pgitalymanufacturing.it\/it\/wp-json\/wp\/v2\/product\/1286","targetHints":{"allow":["GET"]}}],"collection":[{"href":"https:\/\/pgitalymanufacturing.it\/it\/wp-json\/wp\/v2\/product"}],"about":[{"href":"https:\/\/pgitalymanufacturing.it\/it\/wp-json\/wp\/v2\/types\/product"}],"wp:featuredmedia":[{"embeddable":true,"href":"https:\/\/pgitalymanufacturing.it\/it\/wp-json\/wp\/v2\/media\/1287"}],"wp:attachment":[{"href":"https:\/\/pgitalymanufacturing.it\/it\/wp-json\/wp\/v2\/media?parent=1286"}],"wp:term":[{"taxonomy":"product_cat","embeddable":true,"href":"https:\/\/pgitalymanufacturing.it\/it\/wp-json\/wp\/v2\/product_cat?post=1286"}],"curies":[{"name":"wp","href":"https:\/\/api.w.org\/{rel}","templated":true}]}}