{"id":1317,"date":"2025-11-06T11:16:10","date_gmt":"2025-11-06T08:16:10","guid":{"rendered":"https:\/\/pgitalymanufacturing.it\/?post_type=product&#038;p=1317"},"modified":"2025-11-06T11:23:07","modified_gmt":"2025-11-06T08:23:07","slug":"shower-door-rollers","status":"publish","type":"product","link":"https:\/\/pgitalymanufacturing.it\/it\/product\/shower-door-rollers\/","title":{"rendered":"Rotelle box doccia"},"content":{"rendered":"<p><\/p>\n<p class=\"a-spacing-base\">1. Materiale del rullo: materiale solido della lega di zinco con la copertura della plastica<\/p>\n<p class=\"a-spacing-base\">2. Diametro della ruota a rulli: 24 mm<\/p>\n<p class=\"a-spacing-base\">3. Spessore della ruota a rulli: 5 mm<\/p>\n<p class=\"a-spacing-base\">4. Per adattarsi allo spessore massimo del vetro: 4-6 mm<\/p>\n<p class=\"a-spacing-base\">5. Per adattarsi Apertura minima Dimensione del foro nel vetro: maggiore di 12 mm. Per lo spessore del vetro superiore a 4 mm, suggeriamo che non \u00e8 necessario utilizzare la rondella di plastica grigia per il montaggio, a causa dell&#8217;uso questa rondella di plastica non avr\u00e0 spazio sufficiente per fissarla saldamente.<\/p>\n<p class=\"a-spacing-base\">6. Ogni rullo \u00e8 dotato di una copertura in plastica cromata.<\/p>\n<p class=\"a-spacing-base\">7. L&#8217;attuale design del rullo caricato con molla si adatta anche alle porte curve delle docce.<\/p>\n<p class=\"a-spacing-base\">8. Sostituzione fai-da-te: la sostituzione dei rulli pu\u00f2 essere facilmente sostituita da soli e puoi semplicemente smontarla con un cacciavite e sostituirla con nuovi rulli sulle porte in vetro.<\/p>\n<p class=\"a-spacing-base\">9. Caratteristiche del prodotto: rotelle per porte doccia forniti da PG Italy Manufacturing sono realizzati in buon materiale e di migliore qualit\u00e0 per renderlo molto pi\u00f9 lungo. Pu\u00f2 controllare il movimento di ciascun rullo insieme al vetro eseguendo regolarmente il movimento della porta avanti e indietro. I rulli per porte doccia sono per cabina doccia, cabina doccia, cabina doccia, vasche da bagno e alcuni accessori per mobili di design e con molla caricata in rullo che pu\u00f2 anche adattarsi al vetro doccia curvo.<\/p>\n<p><\/p>","protected":false},"featured_media":1318,"template":"","product_cat":[5],"class_list":["post-1317","product","type-product","status-publish","has-post-thumbnail","hentry","product_cat-box-doccia"],"acf":[],"yoast_head":"<!-- This site is optimized with the Yoast SEO plugin v27.1.1 - https:\/\/yoast.com\/product\/yoast-seo-wordpress\/ -->\n<title>Rotelle box doccia - PG<\/title>\n<meta name=\"robots\" content=\"index, follow, max-snippet:-1, max-image-preview:large, max-video-preview:-1\" \/>\n<link rel=\"canonical\" href=\"https:\/\/pgitalymanufacturing.it\/product\/shower-door-rollers\/\" \/>\n<meta property=\"og:locale\" content=\"it_IT\" \/>\n<meta property=\"og:type\" content=\"article\" \/>\n<meta property=\"og:title\" content=\"Rotelle box doccia - PG\" \/>\n<meta property=\"og:description\" content=\"1. Materiale del rullo: materiale solido della lega di zinco con la copertura della plastica 2. Diametro della ruota a rulli: 24 mm 3. Spessore della ruota a rulli: 5 mm 4. Per adattarsi allo &hellip;\" \/>\n<meta property=\"og:url\" content=\"https:\/\/pgitalymanufacturing.it\/product\/shower-door-rollers\/\" \/>\n<meta property=\"og:site_name\" content=\"PG\" \/>\n<meta property=\"article:modified_time\" content=\"2025-11-06T08:23:07+00:00\" \/>\n<meta property=\"og:image\" content=\"https:\/\/pgitalymanufacturing.it\/wp-content\/uploads\/2025\/11\/screenshot-2025-11-06-alle-09.14.51.png\" \/>\n\t<meta property=\"og:image:width\" content=\"571\" \/>\n\t<meta property=\"og:image:height\" content=\"560\" \/>\n\t<meta property=\"og:image:type\" content=\"image\/png\" \/>\n<meta name=\"twitter:card\" content=\"summary_large_image\" \/>\n<meta name=\"twitter:label1\" content=\"Tempo di lettura stimato\" \/>\n\t<meta name=\"twitter:data1\" content=\"2 minuti\" \/>\n<script type=\"application\/ld+json\" class=\"yoast-schema-graph\">{\"@context\":\"https:\/\/schema.org\",\"@graph\":[{\"@type\":\"WebPage\",\"@id\":\"https:\/\/pgitalymanufacturing.it\/product\/shower-door-rollers\/\",\"url\":\"https:\/\/pgitalymanufacturing.it\/product\/shower-door-rollers\/\",\"name\":\"Rotelle box doccia - PG\",\"isPartOf\":{\"@id\":\"https:\/\/pgitalymanufacturing.it\/it\/#website\"},\"primaryImageOfPage\":{\"@id\":\"https:\/\/pgitalymanufacturing.it\/product\/shower-door-rollers\/#primaryimage\"},\"image\":{\"@id\":\"https:\/\/pgitalymanufacturing.it\/product\/shower-door-rollers\/#primaryimage\"},\"thumbnailUrl\":\"https:\/\/pgitalymanufacturing.it\/wp-content\/uploads\/2025\/11\/screenshot-2025-11-06-alle-09.14.51.png\",\"datePublished\":\"2025-11-06T08:16:10+00:00\",\"dateModified\":\"2025-11-06T08:23:07+00:00\",\"breadcrumb\":{\"@id\":\"https:\/\/pgitalymanufacturing.it\/product\/shower-door-rollers\/#breadcrumb\"},\"inLanguage\":\"it-IT\",\"potentialAction\":[{\"@type\":\"ReadAction\",\"target\":[\"https:\/\/pgitalymanufacturing.it\/product\/shower-door-rollers\/\"]}]},{\"@type\":\"ImageObject\",\"inLanguage\":\"it-IT\",\"@id\":\"https:\/\/pgitalymanufacturing.it\/product\/shower-door-rollers\/#primaryimage\",\"url\":\"https:\/\/pgitalymanufacturing.it\/wp-content\/uploads\/2025\/11\/screenshot-2025-11-06-alle-09.14.51.png\",\"contentUrl\":\"https:\/\/pgitalymanufacturing.it\/wp-content\/uploads\/2025\/11\/screenshot-2025-11-06-alle-09.14.51.png\",\"width\":571,\"height\":560},{\"@type\":\"BreadcrumbList\",\"@id\":\"https:\/\/pgitalymanufacturing.it\/product\/shower-door-rollers\/#breadcrumb\",\"itemListElement\":[{\"@type\":\"ListItem\",\"position\":1,\"name\":\"Product\",\"item\":\"https:\/\/pgitalymanufacturing.it\/ru\/product\/\"},{\"@type\":\"ListItem\",\"position\":2,\"name\":\"Shower door rollers\"}]},{\"@type\":\"WebSite\",\"@id\":\"https:\/\/pgitalymanufacturing.it\/it\/#website\",\"url\":\"https:\/\/pgitalymanufacturing.it\/it\/\",\"name\":\"PG Italy Manufacturing\",\"description\":\"Italy Manufacturing\",\"potentialAction\":[{\"@type\":\"SearchAction\",\"target\":{\"@type\":\"EntryPoint\",\"urlTemplate\":\"https:\/\/pgitalymanufacturing.it\/it\/?s={search_term_string}\"},\"query-input\":{\"@type\":\"PropertyValueSpecification\",\"valueRequired\":true,\"valueName\":\"search_term_string\"}}],\"inLanguage\":\"it-IT\"}]}<\/script>\n<!-- \/ Yoast SEO plugin. -->","yoast_head_json":{"title":"Rotelle box doccia - PG","robots":{"index":"index","follow":"follow","max-snippet":"max-snippet:-1","max-image-preview":"max-image-preview:large","max-video-preview":"max-video-preview:-1"},"canonical":"https:\/\/pgitalymanufacturing.it\/product\/shower-door-rollers\/","og_locale":"it_IT","og_type":"article","og_title":"Rotelle box doccia - PG","og_description":"1. Materiale del rullo: materiale solido della lega di zinco con la copertura della plastica 2. Diametro della ruota a rulli: 24 mm 3. Spessore della ruota a rulli: 5 mm 4. Per adattarsi allo &hellip;","og_url":"https:\/\/pgitalymanufacturing.it\/product\/shower-door-rollers\/","og_site_name":"PG","article_modified_time":"2025-11-06T08:23:07+00:00","og_image":[{"width":571,"height":560,"url":"https:\/\/pgitalymanufacturing.it\/wp-content\/uploads\/2025\/11\/screenshot-2025-11-06-alle-09.14.51.png","type":"image\/png"}],"twitter_card":"summary_large_image","twitter_misc":{"Tempo di lettura stimato":"2 minuti"},"schema":{"@context":"https:\/\/schema.org","@graph":[{"@type":"WebPage","@id":"https:\/\/pgitalymanufacturing.it\/product\/shower-door-rollers\/","url":"https:\/\/pgitalymanufacturing.it\/product\/shower-door-rollers\/","name":"Rotelle box doccia - PG","isPartOf":{"@id":"https:\/\/pgitalymanufacturing.it\/it\/#website"},"primaryImageOfPage":{"@id":"https:\/\/pgitalymanufacturing.it\/product\/shower-door-rollers\/#primaryimage"},"image":{"@id":"https:\/\/pgitalymanufacturing.it\/product\/shower-door-rollers\/#primaryimage"},"thumbnailUrl":"https:\/\/pgitalymanufacturing.it\/wp-content\/uploads\/2025\/11\/screenshot-2025-11-06-alle-09.14.51.png","datePublished":"2025-11-06T08:16:10+00:00","dateModified":"2025-11-06T08:23:07+00:00","breadcrumb":{"@id":"https:\/\/pgitalymanufacturing.it\/product\/shower-door-rollers\/#breadcrumb"},"inLanguage":"it-IT","potentialAction":[{"@type":"ReadAction","target":["https:\/\/pgitalymanufacturing.it\/product\/shower-door-rollers\/"]}]},{"@type":"ImageObject","inLanguage":"it-IT","@id":"https:\/\/pgitalymanufacturing.it\/product\/shower-door-rollers\/#primaryimage","url":"https:\/\/pgitalymanufacturing.it\/wp-content\/uploads\/2025\/11\/screenshot-2025-11-06-alle-09.14.51.png","contentUrl":"https:\/\/pgitalymanufacturing.it\/wp-content\/uploads\/2025\/11\/screenshot-2025-11-06-alle-09.14.51.png","width":571,"height":560},{"@type":"BreadcrumbList","@id":"https:\/\/pgitalymanufacturing.it\/product\/shower-door-rollers\/#breadcrumb","itemListElement":[{"@type":"ListItem","position":1,"name":"Product","item":"https:\/\/pgitalymanufacturing.it\/ru\/product\/"},{"@type":"ListItem","position":2,"name":"Shower door rollers"}]},{"@type":"WebSite","@id":"https:\/\/pgitalymanufacturing.it\/it\/#website","url":"https:\/\/pgitalymanufacturing.it\/it\/","name":"PG Italy Manufacturing","description":"Italy Manufacturing","potentialAction":[{"@type":"SearchAction","target":{"@type":"EntryPoint","urlTemplate":"https:\/\/pgitalymanufacturing.it\/it\/?s={search_term_string}"},"query-input":{"@type":"PropertyValueSpecification","valueRequired":true,"valueName":"search_term_string"}}],"inLanguage":"it-IT"}]}},"_links":{"self":[{"href":"https:\/\/pgitalymanufacturing.it\/it\/wp-json\/wp\/v2\/product\/1317","targetHints":{"allow":["GET"]}}],"collection":[{"href":"https:\/\/pgitalymanufacturing.it\/it\/wp-json\/wp\/v2\/product"}],"about":[{"href":"https:\/\/pgitalymanufacturing.it\/it\/wp-json\/wp\/v2\/types\/product"}],"wp:featuredmedia":[{"embeddable":true,"href":"https:\/\/pgitalymanufacturing.it\/it\/wp-json\/wp\/v2\/media\/1318"}],"wp:attachment":[{"href":"https:\/\/pgitalymanufacturing.it\/it\/wp-json\/wp\/v2\/media?parent=1317"}],"wp:term":[{"taxonomy":"product_cat","embeddable":true,"href":"https:\/\/pgitalymanufacturing.it\/it\/wp-json\/wp\/v2\/product_cat?post=1317"}],"curies":[{"name":"wp","href":"https:\/\/api.w.org\/{rel}","templated":true}]}}